{"id":12261,"date":"2024-11-27T11:41:36","date_gmt":"2024-11-27T10:41:36","guid":{"rendered":"https:\/\/acampa-vacances.com\/blog-sejour-hyeres\/region\/"},"modified":"2025-01-28T09:52:50","modified_gmt":"2025-01-28T08:52:50","slug":"region","status":"publish","type":"page","link":"https:\/\/acampa-vacances.com\/de\/blog-sejour-hyeres\/region\/","title":{"rendered":"Region"},"content":{"rendered":"<nav class=\"fildariane\"><a class=\"fildariane__item\" href=\"https:\/\/acampa-vacances.com\/de\/\">Acampa<\/a><span class=\"fc-icon\"><svg xmlns=\"http:\/\/www.w3.org\/2000\/svg\"  viewBox=\"0 0 320 512\" width=\"16px\" height=\"16px\"><!--! Font Awesome Pro 6.4.2 by @fontawesome - https:\/\/fontawesome.com License - https:\/\/fontawesome.com\/license (Commercial License) Copyright 2023 Fonticons, Inc.--><path d=\"M267.3 244.7c6.2 6.2 6.2 16.4 0 22.6l-160 160c-6.2 6.2-16.4 6.2-22.6 0s-6.2-16.4 0-22.6L233.4 256 84.7 107.3c-6.2-6.2-6.2-16.4 0-22.6s16.4-6.2 22.6 0l160 160z\"\/><\/svg><\/span><a class=\"fildariane__item\" href=\"https:\/\/acampa-vacances.com\/de\/blog-sejour-hyeres\/\">Blog<\/a><span class=\"fc-icon\"><svg xmlns=\"http:\/\/www.w3.org\/2000\/svg\"  viewBox=\"0 0 320 512\" width=\"16px\" height=\"16px\"><!--! Font Awesome Pro 6.4.2 by @fontawesome - https:\/\/fontawesome.com License - https:\/\/fontawesome.com\/license (Commercial License) Copyright 2023 Fonticons, Inc.--><path d=\"M267.3 244.7c6.2 6.2 6.2 16.4 0 22.6l-160 160c-6.2 6.2-16.4 6.2-22.6 0s-6.2-16.4 0-22.6L233.4 256 84.7 107.3c-6.2-6.2-6.2-16.4 0-22.6s16.4-6.2 22.6 0l160 160z\"\/><\/svg><\/span><span class=\"fildariane__item\">Region<\/span><\/nav><a class=\"fildariane__item retour\" href=\"https:\/\/acampa-vacances.com\/de\/\"\"><span class=\"fc-icon\"><svg xmlns=\"http:\/\/www.w3.org\/2000\/svg\"  viewBox=\"0 0 448 512\" width=\"16px\" height=\"16px\"><!--! Font Awesome Pro 6.4.2 by @fontawesome - https:\/\/fontawesome.com License - https:\/\/fontawesome.com\/license (Commercial License) Copyright 2023 Fonticons, Inc.--><path d=\"M7.4 273.4C2.7 268.8 0 262.6 0 256s2.7-12.8 7.4-17.4l176-168c9.6-9.2 24.8-8.8 33.9 .8s8.8 24.8-.8 33.9L83.9 232 424 232c13.3 0 24 10.7 24 24s-10.7 24-24 24L83.9 280 216.6 406.6c9.6 9.2 9.9 24.3 .8 33.9s-24.3 9.9-33.9 .8l-176-168z\"\/><\/svg><\/span>Zur\u00fcck zur Startseite<\/a>\n\n\n    <div class=\"columns nbr-col-3 listed__post\">\r\n\r\n        \r\n            <div class=\"columns__item post__item listed__post__item currentPage\" >\r\n                <div class=\"gallery\">\r\n                    <figure class=\"gallery__item\">\r\n                        <picture>\r\n                            <source srcset=\"https:\/\/acampa-vacances.com\/wp-content\/uploads\/2024\/12\/camping-international-piscine-acc-pich-420x300.jpg.webp\" media=\"(max-width: 210px)\">\r\n                            <source srcset=\"https:\/\/acampa-vacances.com\/wp-content\/uploads\/2024\/12\/camping-international-piscine-acc-pich.jpg.webp\" media=\"(max-width: 420px)\">\r\n                            <source srcset=\"https:\/\/acampa-vacances.com\/wp-content\/uploads\/2024\/12\/camping-international-piscine-acc-pich.jpg.webp\" media=\"(max-width: 850px)\">\r\n                            <source srcset=\"https:\/\/acampa-vacances.com\/wp-content\/uploads\/2024\/12\/camping-international-piscine-acc-pich.jpg.webp\" media=\"(max-width: 1024px)\">\r\n                            <source srcset=\"https:\/\/acampa-vacances.com\/wp-content\/uploads\/2024\/12\/camping-international-piscine-acc-pich.jpg.webp\" media=\"(min-width: 1025px)\">\r\n\r\n                            <img loading=\"lazy\" decoding=\"async\" src=\"https:\/\/acampa-vacances.com\/wp-content\/uploads\/2024\/12\/camping-international-piscine-acc-pich-420x300.jpg.webp\" width=\"420\" height=\"210\" alt=\"\" title=\"\">\r\n                        <\/picture>\r\n                    <\/figure>\r\n                <\/div>\r\n                <div class=\"group texte\">\r\n                    \r\n                    <p class=\"h3\">Var am Meer<\/p>\r\n                    <p class=\"post__item__description\">\r\n                                                Campingplatz Clair de Lune Campingplatz Porquerolles am Meer Planen Sie einen Urlaub mit Freunden in der N\u00e4he von Porquerolles am Mittelmeer, an [&#8230;]                    <\/p>\r\n\r\n                    <div class=\"buttons\">\r\n                        <a href=\"https:\/\/acampa-vacances.com\/de\/blog\/camping-var-bord-de-mer\/\" class=\"buttons__btn\">Entdecken Sie<\/a>\r\n                    <\/div>\r\n                <\/div>\r\n            <\/div>\r\n\r\n        \r\n            <div class=\"columns__item post__item listed__post__item currentPage\" >\r\n                <div class=\"gallery\">\r\n                    <figure class=\"gallery__item\">\r\n                        <picture>\r\n                            <source srcset=\"https:\/\/acampa-vacances.com\/wp-content\/uploads\/2024\/11\/parcours-des-arts-768x512-1.jpg.webp\" media=\"(max-width: 210px)\">\r\n                            <source srcset=\"https:\/\/acampa-vacances.com\/wp-content\/uploads\/2024\/11\/parcours-des-arts-768x512-1.jpg.webp\" media=\"(max-width: 420px)\">\r\n                            <source srcset=\"https:\/\/acampa-vacances.com\/wp-content\/uploads\/2024\/11\/parcours-des-arts-768x512-1.jpg.webp\" media=\"(max-width: 850px)\">\r\n                            <source srcset=\"https:\/\/acampa-vacances.com\/wp-content\/uploads\/2024\/11\/parcours-des-arts-768x512-1.jpg.webp\" media=\"(max-width: 1024px)\">\r\n                            <source srcset=\"https:\/\/acampa-vacances.com\/wp-content\/uploads\/2024\/11\/parcours-des-arts-768x512-1.jpg.webp\" media=\"(min-width: 1025px)\">\r\n\r\n                            <img loading=\"lazy\" decoding=\"async\" src=\"https:\/\/acampa-vacances.com\/wp-content\/uploads\/2024\/11\/parcours-des-arts-768x512-1.jpg.webp\" width=\"420\" height=\"210\" alt=\"\" title=\"\">\r\n                        <\/picture>\r\n                    <\/figure>\r\n                <\/div>\r\n                <div class=\"group texte\">\r\n                    \r\n                    <p class=\"h3\">Entdecken Sie den Kunstpfad<\/p>\r\n                    <p class=\"post__item__description\">\r\n                                                Entdecken Sie den Parcours des Arts in Hy\u00e8res Suchen Sie nach Ideen f\u00fcr einen Familienausflug in die Stadt Hy\u00e8res? Wir schlagen Ihnen heute eine [&#8230;]                    <\/p>\r\n\r\n                    <div class=\"buttons\">\r\n                        <a href=\"https:\/\/acampa-vacances.com\/de\/blog\/den-parcours-des-arts-in-hyeres-entdecken\/\" class=\"buttons__btn\">Entdecken Sie<\/a>\r\n                    <\/div>\r\n                <\/div>\r\n            <\/div>\r\n\r\n        \r\n            <div class=\"columns__item post__item listed__post__item currentPage\" >\r\n                <div class=\"gallery\">\r\n                    <figure class=\"gallery__item\">\r\n                        <picture>\r\n                            <source srcset=\"https:\/\/acampa-vacances.com\/wp-content\/uploads\/2024\/11\/camping-international-piscine-acc-pich-1.jpg.webp\" media=\"(max-width: 210px)\">\r\n                            <source srcset=\"https:\/\/acampa-vacances.com\/wp-content\/uploads\/2024\/11\/camping-international-piscine-acc-pich-1.jpg.webp\" media=\"(max-width: 420px)\">\r\n                            <source srcset=\"https:\/\/acampa-vacances.com\/wp-content\/uploads\/2024\/11\/camping-international-piscine-acc-pich-1.jpg.webp\" media=\"(max-width: 850px)\">\r\n                            <source srcset=\"https:\/\/acampa-vacances.com\/wp-content\/uploads\/2024\/11\/camping-international-piscine-acc-pich-1.jpg.webp\" media=\"(max-width: 1024px)\">\r\n                            <source srcset=\"https:\/\/acampa-vacances.com\/wp-content\/uploads\/2024\/11\/camping-international-piscine-acc-pich-1.jpg.webp\" media=\"(min-width: 1025px)\">\r\n\r\n                            <img loading=\"lazy\" decoding=\"async\" src=\"https:\/\/acampa-vacances.com\/wp-content\/uploads\/2024\/11\/camping-international-piscine-acc-pich-1.jpg.webp\" width=\"420\" height=\"210\" alt=\"\" title=\"\">\r\n                        <\/picture>\r\n                    <\/figure>\r\n                <\/div>\r\n                <div class=\"group texte\">\r\n                    \r\n                    <p class=\"h3\">Wanderungen Var<\/p>\r\n                    <p class=\"post__item__description\">\r\n                                                Wanderungen Var Campingplatz Porquerolles am Meer Planen Sie einen Urlaub mit Freunden in der N\u00e4he von Porquerolles am Mittelmeer, an einem der [&#8230;]                    <\/p>\r\n\r\n                    <div class=\"buttons\">\r\n                        <a href=\"https:\/\/acampa-vacances.com\/de\/blog\/walks-var-2\/\" class=\"buttons__btn\">Entdecken Sie<\/a>\r\n                    <\/div>\r\n                <\/div>\r\n            <\/div>\r\n\r\n        \r\n            <div class=\"columns__item post__item listed__post__item currentPage\" >\r\n                <div class=\"gallery\">\r\n                    <figure class=\"gallery__item\">\r\n                        <picture>\r\n                            <source srcset=\"https:\/\/acampa-vacances.com\/wp-content\/uploads\/2024\/11\/image3-300x199-1-2.jpg.webp\" media=\"(max-width: 210px)\">\r\n                            <source srcset=\"https:\/\/acampa-vacances.com\/wp-content\/uploads\/2024\/11\/image3-300x199-1-2.jpg.webp\" media=\"(max-width: 420px)\">\r\n                            <source srcset=\"https:\/\/acampa-vacances.com\/wp-content\/uploads\/2024\/11\/image3-300x199-1-2.jpg.webp\" media=\"(max-width: 850px)\">\r\n                            <source srcset=\"https:\/\/acampa-vacances.com\/wp-content\/uploads\/2024\/11\/image3-300x199-1-2.jpg.webp\" media=\"(max-width: 1024px)\">\r\n                            <source srcset=\"https:\/\/acampa-vacances.com\/wp-content\/uploads\/2024\/11\/image3-300x199-1-2.jpg.webp\" media=\"(min-width: 1025px)\">\r\n\r\n                            <img loading=\"lazy\" decoding=\"async\" src=\"https:\/\/acampa-vacances.com\/wp-content\/uploads\/2024\/11\/image3-300x199-1-2.jpg.webp\" width=\"420\" height=\"210\" alt=\"\" title=\"\">\r\n                        <\/picture>\r\n                    <\/figure>\r\n                <\/div>\r\n                <div class=\"group texte\">\r\n                    \r\n                    <p class=\"h3\">Besuchen Sie die au\u00dfergew\u00f6hnlichen Geb\u00e4ude von Hy\u00e8res<\/p>\r\n                    <p class=\"post__item__description\">\r\n                                                Besuchen Sie au\u00dfergew\u00f6hnliche Geb\u00e4ude &#8211; Hy\u00e8res (Var 83) Presqu&#8217;\u00eele de Giens Entdecken Sie die sch\u00f6nen Geb\u00e4ude in Hy\u00e8res (VAR 83) Zwischen [&#8230;]                    <\/p>\r\n\r\n                    <div class=\"buttons\">\r\n                        <a href=\"https:\/\/acampa-vacances.com\/de\/blog\/besuchen-sie-ausergewohnliche-gebaude-hyeres-var-83-presquile-de-giens\/\" class=\"buttons__btn\">Entdecken Sie<\/a>\r\n                    <\/div>\r\n                <\/div>\r\n            <\/div>\r\n\r\n        \r\n            <div class=\"columns__item post__item listed__post__item currentPage\" >\r\n                <div class=\"gallery\">\r\n                    <figure class=\"gallery__item\">\r\n                        <picture>\r\n                            <source srcset=\"https:\/\/acampa-vacances.com\/wp-content\/uploads\/2024\/11\/port-cros-navettes-1-768x355-1-2.jpeg.webp\" media=\"(max-width: 210px)\">\r\n                            <source srcset=\"https:\/\/acampa-vacances.com\/wp-content\/uploads\/2024\/11\/port-cros-navettes-1-768x355-1-2.jpeg.webp\" media=\"(max-width: 420px)\">\r\n                            <source srcset=\"https:\/\/acampa-vacances.com\/wp-content\/uploads\/2024\/11\/port-cros-navettes-1-768x355-1-2.jpeg.webp\" media=\"(max-width: 850px)\">\r\n                            <source srcset=\"https:\/\/acampa-vacances.com\/wp-content\/uploads\/2024\/11\/port-cros-navettes-1-768x355-1-2.jpeg.webp\" media=\"(max-width: 1024px)\">\r\n                            <source srcset=\"https:\/\/acampa-vacances.com\/wp-content\/uploads\/2024\/11\/port-cros-navettes-1-768x355-1-2.jpeg.webp\" media=\"(min-width: 1025px)\">\r\n\r\n                            <img loading=\"lazy\" decoding=\"async\" src=\"https:\/\/acampa-vacances.com\/wp-content\/uploads\/2024\/11\/port-cros-navettes-1-768x355-1-2.jpeg.webp\" width=\"420\" height=\"210\" alt=\"\" title=\"\">\r\n                        <\/picture>\r\n                    <\/figure>\r\n                <\/div>\r\n                <div class=\"group texte\">\r\n                    \r\n                    <p class=\"h3\">Port Cros und sein nat\u00fcrlicher Reichtum<\/p>\r\n                    <p class=\"post__item__description\">\r\n                                                Die Insel Port-Cros und ihr nat\u00fcrlicher Reichtum Die Stadt Hy\u00e8res bietet eine Vielfalt an Orten und Landschaften, die immer pr\u00e4chtiger werden. Die [&#8230;]                    <\/p>\r\n\r\n                    <div class=\"buttons\">\r\n                        <a href=\"https:\/\/acampa-vacances.com\/de\/blog\/insel-port-cros-und-sein-naturlicher-reichtum\/\" class=\"buttons__btn\">Entdecken Sie<\/a>\r\n                    <\/div>\r\n                <\/div>\r\n            <\/div>\r\n\r\n        \r\n            <div class=\"columns__item post__item listed__post__item currentPage\" >\r\n                <div class=\"gallery\">\r\n                    <figure class=\"gallery__item\">\r\n                        <picture>\r\n                            <source srcset=\"https:\/\/acampa-vacances.com\/wp-content\/uploads\/2024\/12\/toulon-rue-arts-420x420.jpg.webp\" media=\"(max-width: 210px)\">\r\n                            <source srcset=\"https:\/\/acampa-vacances.com\/wp-content\/uploads\/2024\/12\/toulon-rue-arts.jpg.webp\" media=\"(max-width: 420px)\">\r\n                            <source srcset=\"https:\/\/acampa-vacances.com\/wp-content\/uploads\/2024\/12\/toulon-rue-arts.jpg.webp\" media=\"(max-width: 850px)\">\r\n                            <source srcset=\"https:\/\/acampa-vacances.com\/wp-content\/uploads\/2024\/12\/toulon-rue-arts.jpg.webp\" media=\"(max-width: 1024px)\">\r\n                            <source srcset=\"https:\/\/acampa-vacances.com\/wp-content\/uploads\/2024\/12\/toulon-rue-arts.jpg.webp\" media=\"(min-width: 1025px)\">\r\n\r\n                            <img loading=\"lazy\" decoding=\"async\" src=\"https:\/\/acampa-vacances.com\/wp-content\/uploads\/2024\/12\/toulon-rue-arts-420x420.jpg.webp\" width=\"420\" height=\"210\" alt=\"\" title=\"\">\r\n                        <\/picture>\r\n                    <\/figure>\r\n                <\/div>\r\n                <div class=\"group texte\">\r\n                    \r\n                    <p class=\"h3\">Kulturelle St\u00e4tten und Denkm\u00e4ler in Var<\/p>\r\n                    <p class=\"post__item__description\">\r\n                                                Kulturst\u00e4tten und Denkm\u00e4ler, die es im Departement Var zu entdecken gilt! (Episode 1) Die Gemeinden des Departements Varese sind nicht nur f\u00fcr ihre [&#8230;]                    <\/p>\r\n\r\n                    <div class=\"buttons\">\r\n                        <a href=\"https:\/\/acampa-vacances.com\/de\/blog\/kulturstatten-und-denkmaler-die-es-im-var-zu-entdecken-gilt\/\" class=\"buttons__btn\">Entdecken Sie<\/a>\r\n                    <\/div>\r\n                <\/div>\r\n            <\/div>\r\n\r\n        \r\n            <div class=\"columns__item post__item listed__post__item currentPage\" >\r\n                <div class=\"gallery\">\r\n                    <figure class=\"gallery__item\">\r\n                        <picture>\r\n                            <source srcset=\"https:\/\/acampa-vacances.com\/wp-content\/uploads\/2024\/11\/paysage-768x432-1-2.jpg.webp\" media=\"(max-width: 210px)\">\r\n                            <source srcset=\"https:\/\/acampa-vacances.com\/wp-content\/uploads\/2024\/11\/paysage-768x432-1-2.jpg.webp\" media=\"(max-width: 420px)\">\r\n                            <source srcset=\"https:\/\/acampa-vacances.com\/wp-content\/uploads\/2024\/11\/paysage-768x432-1-2.jpg.webp\" media=\"(max-width: 850px)\">\r\n                            <source srcset=\"https:\/\/acampa-vacances.com\/wp-content\/uploads\/2024\/11\/paysage-768x432-1-2.jpg.webp\" media=\"(max-width: 1024px)\">\r\n                            <source srcset=\"https:\/\/acampa-vacances.com\/wp-content\/uploads\/2024\/11\/paysage-768x432-1-2.jpg.webp\" media=\"(min-width: 1025px)\">\r\n\r\n                            <img loading=\"lazy\" decoding=\"async\" src=\"https:\/\/acampa-vacances.com\/wp-content\/uploads\/2024\/11\/paysage-768x432-1-2.jpg.webp\" width=\"420\" height=\"210\" alt=\"\" title=\"\">\r\n                        <\/picture>\r\n                    <\/figure>\r\n                <\/div>\r\n                <div class=\"group texte\">\r\n                    \r\n                    <p class=\"h3\">Ungew\u00f6hnliche D\u00f6rfer in Var<\/p>\r\n                    <p class=\"post__item__description\">\r\n                                                Die ungew\u00f6hnlichen D\u00f6rfer des Departements Var: Gehen Sie auf Entdeckungsreise! Suchen Sie nach Ideen f\u00fcr Spazierg\u00e4nge im Departement Var, etwas [&#8230;]                    <\/p>\r\n\r\n                    <div class=\"buttons\">\r\n                        <a href=\"https:\/\/acampa-vacances.com\/de\/blog\/die-ungewohnlichen-dorfer-von-var-machen-sich-auf-den-weg-sie-zu-entdecken\/\" class=\"buttons__btn\">Entdecken Sie<\/a>\r\n                    <\/div>\r\n                <\/div>\r\n            <\/div>\r\n\r\n        \r\n            <div class=\"columns__item post__item listed__post__item currentPage\" >\r\n                <div class=\"gallery\">\r\n                    <figure class=\"gallery__item\">\r\n                        <picture>\r\n                            <source srcset=\"https:\/\/acampa-vacances.com\/wp-content\/uploads\/2024\/12\/tour_royale_toulon_m-420x294.jpg.webp\" media=\"(max-width: 210px)\">\r\n                            <source srcset=\"https:\/\/acampa-vacances.com\/wp-content\/uploads\/2024\/12\/tour_royale_toulon_m.jpg.webp\" media=\"(max-width: 420px)\">\r\n                            <source srcset=\"https:\/\/acampa-vacances.com\/wp-content\/uploads\/2024\/12\/tour_royale_toulon_m.jpg.webp\" media=\"(max-width: 850px)\">\r\n                            <source srcset=\"https:\/\/acampa-vacances.com\/wp-content\/uploads\/2024\/12\/tour_royale_toulon_m.jpg.webp\" media=\"(max-width: 1024px)\">\r\n                            <source srcset=\"https:\/\/acampa-vacances.com\/wp-content\/uploads\/2024\/12\/tour_royale_toulon_m.jpg.webp\" media=\"(min-width: 1025px)\">\r\n\r\n                            <img loading=\"lazy\" decoding=\"async\" src=\"https:\/\/acampa-vacances.com\/wp-content\/uploads\/2024\/12\/tour_royale_toulon_m-420x294.jpg.webp\" width=\"420\" height=\"210\" alt=\"\" title=\"\">\r\n                        <\/picture>\r\n                    <\/figure>\r\n                <\/div>\r\n                <div class=\"group texte\">\r\n                    \r\n                    <p class=\"h3\">K\u00f6niglicher Turm von Toulon<\/p>\r\n                    <p class=\"post__item__description\">\r\n                                                Der K\u00f6nigliche Turm von Toulon Historisches Denkmal Der 1514 erbaute und 1524 unter der Herrschaft von Franziskus I. fertig gestellte Tour Royale, [&#8230;]                    <\/p>\r\n\r\n                    <div class=\"buttons\">\r\n                        <a href=\"https:\/\/acampa-vacances.com\/de\/blog\/der-konigliche-turm-von-toulon\/\" class=\"buttons__btn\">Entdecken Sie<\/a>\r\n                    <\/div>\r\n                <\/div>\r\n            <\/div>\r\n\r\n        \r\n            <div class=\"columns__item post__item listed__post__item currentPage\" >\r\n                <div class=\"gallery\">\r\n                    <figure class=\"gallery__item\">\r\n                        <picture>\r\n                            <source srcset=\"https:\/\/acampa-vacances.com\/wp-content\/uploads\/2024\/12\/photo-1-1-420x332.jpg.webp\" media=\"(max-width: 210px)\">\r\n                            <source srcset=\"https:\/\/acampa-vacances.com\/wp-content\/uploads\/2024\/12\/photo-1-1.jpg.webp\" media=\"(max-width: 420px)\">\r\n                            <source srcset=\"https:\/\/acampa-vacances.com\/wp-content\/uploads\/2024\/12\/photo-1-1.jpg.webp\" media=\"(max-width: 850px)\">\r\n                            <source srcset=\"https:\/\/acampa-vacances.com\/wp-content\/uploads\/2024\/12\/photo-1-1.jpg.webp\" media=\"(max-width: 1024px)\">\r\n                            <source srcset=\"https:\/\/acampa-vacances.com\/wp-content\/uploads\/2024\/12\/photo-1-1.jpg.webp\" media=\"(min-width: 1025px)\">\r\n\r\n                            <img loading=\"lazy\" decoding=\"async\" src=\"https:\/\/acampa-vacances.com\/wp-content\/uploads\/2024\/12\/photo-1-1-420x332.jpg.webp\" width=\"420\" height=\"210\" alt=\"\" title=\"\">\r\n                        <\/picture>\r\n                    <\/figure>\r\n                <\/div>\r\n                <div class=\"group texte\">\r\n                    \r\n                    <p class=\"h3\">Die Juwelen des Var<\/p>\r\n                    <p class=\"post__item__description\">\r\n                                                Die Juwelen des Var: Porquerolles, Port Cros und Le Levant (Var 83) Der Archipel der Iles d&#8217;Hy\u00e8res bildet den s\u00fcdlichsten Punkt der Provence. Er [&#8230;]                    <\/p>\r\n\r\n                    <div class=\"buttons\">\r\n                        <a href=\"https:\/\/acampa-vacances.com\/de\/blog\/die-juwelen-von-var-porquerolles-port-cros-et-levant\/\" class=\"buttons__btn\">Entdecken Sie<\/a>\r\n                    <\/div>\r\n                <\/div>\r\n            <\/div>\r\n\r\n        \r\n            <div class=\"columns__item post__item listed__post__item\" >\r\n                <div class=\"gallery\">\r\n                    <figure class=\"gallery__item\">\r\n                        <picture>\r\n                            <source srcset=\"https:\/\/acampa-vacances.com\/wp-content\/uploads\/2024\/11\/france-3234608_1280-380x395-1.jpg.webp\" media=\"(max-width: 210px)\">\r\n                            <source srcset=\"https:\/\/acampa-vacances.com\/wp-content\/uploads\/2024\/11\/france-3234608_1280-380x395-1.jpg.webp\" media=\"(max-width: 420px)\">\r\n                            <source srcset=\"https:\/\/acampa-vacances.com\/wp-content\/uploads\/2024\/11\/france-3234608_1280-380x395-1.jpg.webp\" media=\"(max-width: 850px)\">\r\n                            <source srcset=\"https:\/\/acampa-vacances.com\/wp-content\/uploads\/2024\/11\/france-3234608_1280-380x395-1.jpg.webp\" media=\"(max-width: 1024px)\">\r\n                            <source srcset=\"https:\/\/acampa-vacances.com\/wp-content\/uploads\/2024\/11\/france-3234608_1280-380x395-1.jpg.webp\" media=\"(min-width: 1025px)\">\r\n\r\n                            <img loading=\"lazy\" decoding=\"async\" src=\"https:\/\/acampa-vacances.com\/wp-content\/uploads\/2024\/11\/france-3234608_1280-380x395-1.jpg.webp\" width=\"420\" height=\"210\" alt=\"\" title=\"\">\r\n                        <\/picture>\r\n                    <\/figure>\r\n                <\/div>\r\n                <div class=\"group texte\">\r\n                    \r\n                    <p class=\"h3\">\u00cele du Levant und ihre Geschichte<\/p>\r\n                    <p class=\"post__item__description\">\r\n                                                \u00cele du Levant: Paradies f\u00fcr Naturisten und Erdbeerb\u00e4ume in Hy\u00e8res Die Ile du Levant ist weltbekannt f\u00fcr ihren FKK-Strand und das [&#8230;]                    <\/p>\r\n\r\n                    <div class=\"buttons\">\r\n                        <a href=\"https:\/\/acampa-vacances.com\/de\/blog\/ile-du-levant-paradies-der-fkk-und-erdbeerbaume-in-hyeres\/\" class=\"buttons__btn\">Entdecken Sie<\/a>\r\n                    <\/div>\r\n                <\/div>\r\n            <\/div>\r\n\r\n        \r\n    <\/div>\r\n\r\n    <div class=\"buttons display-flex \" style=\"justify-content:center;\"><span class=\"buttons__btn listed__post__plus\">Weitere Artikel<span class=\"fc-icon\"><svg xmlns=\"http:\/\/www.w3.org\/2000\/svg\"  viewBox=\"0 0 448 512\" width=\"16px\" height=\"16px\"><!--! Font Awesome Pro 6.4.2 by @fontawesome - https:\/\/fontawesome.com License - https:\/\/fontawesome.com\/license (Commercial License) Copyright 2023 Fonticons, Inc.--><path d=\"M256 80c0-17.7-14.3-32-32-32s-32 14.3-32 32V224H48c-17.7 0-32 14.3-32 32s14.3 32 32 32H192V432c0 17.7 14.3 32 32 32s32-14.3 32-32V288H400c17.7 0 32-14.3 32-32s-14.3-32-32-32H256V80z\"\/><\/svg><\/span><\/span><\/div>","protected":false},"excerpt":{"rendered":"","protected":false},"author":1,"featured_media":0,"parent":12249,"menu_order":0,"comment_status":"closed","ping_status":"closed","template":"","meta":{"_acf_changed":false,"footnotes":""},"acf":[],"_links":{"self":[{"href":"https:\/\/acampa-vacances.com\/de\/wp-json\/wp\/v2\/pages\/12261"}],"collection":[{"href":"https:\/\/acampa-vacances.com\/de\/wp-json\/wp\/v2\/pages"}],"about":[{"href":"https:\/\/acampa-vacances.com\/de\/wp-json\/wp\/v2\/types\/page"}],"author":[{"embeddable":true,"href":"https:\/\/acampa-vacances.com\/de\/wp-json\/wp\/v2\/users\/1"}],"replies":[{"embeddable":true,"href":"https:\/\/acampa-vacances.com\/de\/wp-json\/wp\/v2\/comments?post=12261"}],"version-history":[{"count":1,"href":"https:\/\/acampa-vacances.com\/de\/wp-json\/wp\/v2\/pages\/12261\/revisions"}],"predecessor-version":[{"id":12263,"href":"https:\/\/acampa-vacances.com\/de\/wp-json\/wp\/v2\/pages\/12261\/revisions\/12263"}],"up":[{"embeddable":true,"href":"https:\/\/acampa-vacances.com\/de\/wp-json\/wp\/v2\/pages\/12249"}],"wp:attachment":[{"href":"https:\/\/acampa-vacances.com\/de\/wp-json\/wp\/v2\/media?parent=12261"}],"curies":[{"name":"wp","href":"https:\/\/api.w.org\/{rel}","templated":true}]}}