{"id":12210,"date":"2024-11-25T17:00:05","date_gmt":"2024-11-25T16:00:05","guid":{"rendered":"https:\/\/acampa-vacances.com\/reservation-et-organisation-d-evenementiels\/"},"modified":"2025-05-14T10:48:32","modified_gmt":"2025-05-14T08:48:32","slug":"reservation-and-organization-of-events","status":"publish","type":"page","link":"https:\/\/acampa-vacances.com\/en\/reservation-and-organization-of-events\/","title":{"rendered":"Events"},"content":{"rendered":"<div class=\"columns sec-15\"><div class=\"columns__item fade-right\"><h1><strong>An exceptional venue <span class=\"fc-span\">for your events<\/span><\/strong><\/h1><p>Discover La R\u00e9serve \u00c9v\u00e9nementiel, a unique venue in Hy\u00e8res, on the Giens peninsula<\/p><p>Whether you&#8217;re planning a wedding, anniversary, seminar or private reception, this idyllic setting is sure to delight your guests. With its elegant, flexible spaces, top-of-the-range services and breathtaking views of the surrounding countryside, every moment spent here becomes unforgettable. <\/p><div class=\"buttons display-flex \" style=\"justify-content:left;\"><a href=\"https:\/\/la-reserve-evenementiel.com\/\" rel=\"noreferrer noopener\" target=\"_blank\" class=\"buttons__btn\">Discover<\/a><\/div><figure class=\"logo__placement\"><picture><source srcset=\"https:\/\/acampa-vacances.com\/wp-content\/uploads\/2025\/05\/202501-Logo-Reservevent-420x246.webp\" media=\"(max-width: 210px)\"><source srcset=\"https:\/\/acampa-vacances.com\/wp-content\/uploads\/2025\/05\/202501-Logo-Reservevent.webp\" media=\"(max-width: 420px)\"><source srcset=\"https:\/\/acampa-vacances.com\/wp-content\/uploads\/2025\/05\/202501-Logo-Reservevent.webp\" media=\"(max-width: 850px)\"><source srcset=\"https:\/\/acampa-vacances.com\/wp-content\/uploads\/2025\/05\/202501-Logo-Reservevent.webp\" media=\"(max-width: 1024px)\"><source srcset=\"https:\/\/acampa-vacances.com\/wp-content\/uploads\/2025\/05\/202501-Logo-Reservevent.webp\" media=\"(min-width: 1025px)\"><img decoding=\"async\" src=\"https:\/\/acampa-vacances.com\/wp-content\/uploads\/2025\/05\/202501-Logo-Reservevent-420x246.webp\" width=\"420\" height=\"210\" loading=\"lazy\" alt=\"\" title=\"\"><\/picture><\/figure><\/div><div class=\"columns__item fade-left\"><div class=\"gallery\"><figure class=\"gallery__item\"><picture><source srcset=\"https:\/\/acampa-vacances.com\/wp-content\/uploads\/2024\/12\/352364983_624647819624992_3870870291905132014_n-420x420.jpg.webp\" media=\"(max-width: 210px)\"><source srcset=\"https:\/\/acampa-vacances.com\/wp-content\/uploads\/2024\/12\/352364983_624647819624992_3870870291905132014_n-850x478.jpg.webp\" media=\"(max-width: 420px)\"><source srcset=\"https:\/\/acampa-vacances.com\/wp-content\/uploads\/2024\/12\/352364983_624647819624992_3870870291905132014_n-768x432.jpg.webp\" media=\"(max-width: 850px)\"><source srcset=\"https:\/\/acampa-vacances.com\/wp-content\/uploads\/2024\/12\/352364983_624647819624992_3870870291905132014_n.jpg.webp\" media=\"(max-width: 1024px)\"><source srcset=\"https:\/\/acampa-vacances.com\/wp-content\/uploads\/2024\/12\/352364983_624647819624992_3870870291905132014_n.jpg.webp\" media=\"(min-width: 1025px)\"><img decoding=\"async\" src=\"https:\/\/acampa-vacances.com\/wp-content\/uploads\/2024\/12\/352364983_624647819624992_3870870291905132014_n-420x420.jpg.webp\" width=\"420\" height=\"210\" loading=\"lazy\" alt=\"\" title=\"\"><\/picture><\/figure><figure class=\"gallery__item fond\"><picture><source srcset=\"https:\/\/acampa-vacances.com\/wp-content\/uploads\/2024\/11\/AdobeStock_280910815-420x420.webp\" media=\"(max-width: 210px)\"><source srcset=\"https:\/\/acampa-vacances.com\/wp-content\/uploads\/2024\/11\/AdobeStock_280910815-850x567.webp\" media=\"(max-width: 420px)\"><source srcset=\"https:\/\/acampa-vacances.com\/wp-content\/uploads\/2024\/11\/AdobeStock_280910815-768x512.webp\" media=\"(max-width: 850px)\"><source srcset=\"https:\/\/acampa-vacances.com\/wp-content\/uploads\/2024\/11\/AdobeStock_280910815-1024x683.webp\" media=\"(max-width: 1024px)\"><source srcset=\"https:\/\/acampa-vacances.com\/wp-content\/uploads\/2024\/11\/AdobeStock_280910815.webp\" media=\"(min-width: 1025px)\"><img decoding=\"async\" src=\"https:\/\/acampa-vacances.com\/wp-content\/uploads\/2024\/11\/AdobeStock_280910815-420x420.webp\" width=\"420\" height=\"210\" loading=\"lazy\" alt=\"\" title=\"\"><\/picture><\/figure><\/div><\/div><\/div>\n\n<div class=\"group sec-30\"><figure class=\"pinceaux\"><picture><source srcset=\"https:\/\/acampa-vacances.com\/wp-content\/uploads\/2024\/11\/pinceaux-acampa-420x420.webp\" media=\"(max-width: 210px)\"><source srcset=\"https:\/\/acampa-vacances.com\/wp-content\/uploads\/2024\/11\/pinceaux-acampa-567x850.webp\" media=\"(max-width: 420px)\"><source srcset=\"https:\/\/acampa-vacances.com\/wp-content\/uploads\/2024\/11\/pinceaux-acampa-768x1152.webp\" media=\"(max-width: 850px)\"><source srcset=\"https:\/\/acampa-vacances.com\/wp-content\/uploads\/2024\/11\/pinceaux-acampa-683x1024.webp\" media=\"(max-width: 1024px)\"><source srcset=\"https:\/\/acampa-vacances.com\/wp-content\/uploads\/2024\/11\/pinceaux-acampa.webp\" media=\"(min-width: 1025px)\"><img decoding=\"async\" src=\"https:\/\/acampa-vacances.com\/wp-content\/uploads\/2024\/11\/pinceaux-acampa-420x420.webp\" width=\"420\" height=\"210\" loading=\"lazy\" alt=\"\" title=\"\"><\/picture><\/figure><h2 class=\"inline\"><strong>Tailor-made services<span class=\"fc-span\"> for a unique experience<\/span><\/strong><\/h2><p>At La R\u00e9serve \u00c9v\u00e9nementiel, everything is designed to meet your needs and exceed your expectations. Enjoy personalized services, from decoration and catering to the complete logistical organization of your event. Our dedicated team will do everything to ensure that your project runs smoothly, in a warm and friendly atmosphere.  <\/p><div class=\"columns\" style=\"align-items:center;\"><div class=\"columns__item media fade-left\" style=\"align-self:center;\"><div class=\"gallery\"><figure class=\"gallery__item ombre gauche\"><picture><source srcset=\"https:\/\/acampa-vacances.com\/wp-content\/uploads\/2024\/12\/dscf9829-1600x785-1-420x420.jpg.webp\" media=\"(max-width: 210px)\"><source srcset=\"https:\/\/acampa-vacances.com\/wp-content\/uploads\/2024\/12\/dscf9829-1600x785-1-850x417.jpg.webp\" media=\"(max-width: 420px)\"><source srcset=\"https:\/\/acampa-vacances.com\/wp-content\/uploads\/2024\/12\/dscf9829-1600x785-1-768x377.jpg.webp\" media=\"(max-width: 850px)\"><source srcset=\"https:\/\/acampa-vacances.com\/wp-content\/uploads\/2024\/12\/dscf9829-1600x785-1-1024x502.jpg.webp\" media=\"(max-width: 1024px)\"><source srcset=\"https:\/\/acampa-vacances.com\/wp-content\/uploads\/2024\/12\/dscf9829-1600x785-1.jpg.webp\" media=\"(min-width: 1025px)\"><img decoding=\"async\" src=\"https:\/\/acampa-vacances.com\/wp-content\/uploads\/2024\/12\/dscf9829-1600x785-1-420x420.jpg.webp\" width=\"420\" height=\"210\" loading=\"lazy\" alt=\"\" title=\"\"><\/picture><\/figure><\/div><\/div><div class=\"columns__item texte fade-right\" style=\"align-self:center;\"><h3><strong>Contact us and imagine your dream event<\/strong><\/h3><p>Do you have a specific idea or simply need some inspiration? Our team is at your service to design an event that reflects your image. Contact us today to visit our premises and discuss your wishes: every detail counts to make your day a magical moment.  <\/p><\/div><\/div><\/div>","protected":false},"excerpt":{"rendered":"<p>An exceptional venue for your events Discover La R\u00e9serve \u00c9v\u00e9nementiel, a unique venue in Hy\u00e8res, on the Giens peninsula Whether you&#8217;re planning a wedding, anniversary, seminar or private reception, this idyllic setting is sure to delight your guests. With its elegant, flexible spaces, top-of-the-range services and breathtaking views of the surrounding countryside, every moment spent [&hellip;]<\/p>\n","protected":false},"author":1,"featured_media":0,"parent":0,"menu_order":0,"comment_status":"closed","ping_status":"closed","template":"","meta":{"_acf_changed":false,"footnotes":""},"acf":[],"_links":{"self":[{"href":"https:\/\/acampa-vacances.com\/en\/wp-json\/wp\/v2\/pages\/12210"}],"collection":[{"href":"https:\/\/acampa-vacances.com\/en\/wp-json\/wp\/v2\/pages"}],"about":[{"href":"https:\/\/acampa-vacances.com\/en\/wp-json\/wp\/v2\/types\/page"}],"author":[{"embeddable":true,"href":"https:\/\/acampa-vacances.com\/en\/wp-json\/wp\/v2\/users\/1"}],"replies":[{"embeddable":true,"href":"https:\/\/acampa-vacances.com\/en\/wp-json\/wp\/v2\/comments?post=12210"}],"version-history":[{"count":3,"href":"https:\/\/acampa-vacances.com\/en\/wp-json\/wp\/v2\/pages\/12210\/revisions"}],"predecessor-version":[{"id":15436,"href":"https:\/\/acampa-vacances.com\/en\/wp-json\/wp\/v2\/pages\/12210\/revisions\/15436"}],"wp:attachment":[{"href":"https:\/\/acampa-vacances.com\/en\/wp-json\/wp\/v2\/media?parent=12210"}],"curies":[{"name":"wp","href":"https:\/\/api.w.org\/{rel}","templated":true}]}}